{"id":458,"date":"2021-04-27T13:15:34","date_gmt":"2021-04-27T11:15:34","guid":{"rendered":"http:\/\/www.elpulpodeoro.es\/aviso-legal\/"},"modified":"2021-06-09T13:34:29","modified_gmt":"2021-06-09T11:34:29","slug":"legal-warning","status":"publish","type":"page","link":"https:\/\/www.elpulpodeoro.es\/en\/legal-warning\/","title":{"rendered":"Legal warning"},"content":{"rendered":"<p><img loading=\"lazy\" decoding=\"async\" src=\"http:\/\/www.elpulpodeoro.es\/wp-content\/uploads\/2021\/01\/cabecera-contacto.jpg\" alt=\"\" width=\"1600\" height=\"455\" class=\"alignnone size-full wp-image-384 img-cabecera\" srcset=\"https:\/\/www.elpulpodeoro.es\/wp-content\/uploads\/2021\/01\/cabecera-contacto.jpg 1600w, https:\/\/www.elpulpodeoro.es\/wp-content\/uploads\/2021\/01\/cabecera-contacto-300x85.jpg 300w, https:\/\/www.elpulpodeoro.es\/wp-content\/uploads\/2021\/01\/cabecera-contacto-1024x291.jpg 1024w, https:\/\/www.elpulpodeoro.es\/wp-content\/uploads\/2021\/01\/cabecera-contacto-768x218.jpg 768w, https:\/\/www.elpulpodeoro.es\/wp-content\/uploads\/2021\/01\/cabecera-contacto-1536x437.jpg 1536w\" sizes=\"auto, (max-width: 1600px) 100vw, 1600px\" \/><\/p>\n<div class=\"container pagina-interna pt-5 p-relative\">\n<div class=\"row\">\n<div class=\"col-xs-12 col-md-12 mb-5 text-justify\">\n<h1 class=\"text-center mb-5\">Aviso legal<\/h1>\n<h4>1. DATOS IDENTIFICATIVOS<\/h4>\n<p class=\"texto\">En cumplimiento con el deber de informaci\u00f3n recogido en art\u00edculo 10 de la Ley 34\/2002, de 11 de julio, de Servicios de la Sociedad de la Informaci\u00f3n y del Comercio Electr\u00f3nico, a continuaci\u00f3n se reflejan los siguientes datos: <\/p>\n<p class=\"texto\">La empresa titular del presente dominio web es El Pulpo de Oro SLU, con domicilio a estos efectos en Calle Ribera del Guadiana nave 61.5, 21400 Ayamonte (Huelva). n\u00famero de C.I.F.: B21488101. inscrita en el registro mercantil Inscrita en el Registro Mercantil de Huelva, tomo 931, libro 0, folio 11, secci\u00f3n 8, hoja H-18670\/H, 2\u00aa inscripci\u00f3n. Correo electr\u00f3nico de contacto: info@elpor.es<\/p>\n<h4>2. USUARIOS<\/h4>\n<p class=\"texto\">El acceso y\/o uso de este portalo sitio web le  atribuye la condici\u00f3n de USUARIO, que acepta, desde dicho acceso y\/o uso, las Condiciones Generales de Uso reflejadas en el presente aviso. Las  Condiciones ser\u00e1n de aplicaci\u00f3n independientemente de las Condiciones Generales de Contrataci\u00f3n que en su caso resulten de obligado cumplimiento. En todo caso para cualquier fin especifico se pedira su consentimiento expreso.<\/p>\n<h4>3. USO DEL PORTAL<\/h4>\n<p class=\"texto\">Nuestra web proporciona el acceso a  informaciones, servicios, programas o datos (en adelante pasaremos a denominarlos como  \u201clos contenidos\u201d) en Internet pertenecientes a <strong>El Pulpo de Oro<\/strong> o a sus licenciantes a los que el USUARIO pueda tener acceso. El USUARIO asume la responsabilidad del correcto uso del portal. Dicha responsabilidad se extiende al registro que fuese necesario para acceder a determinados servicios o contenidos.<\/p>\n<p class=\"texto\">En dicho registro el USUARIO ser\u00e1 responsable de aportar informaci\u00f3n veraz y l\u00edcita sobre sus datos. Como consecuencia de este registro, al USUARIO se le puede proporcionar una contrase\u00f1a de la que ser\u00e1 responsable, comprometi\u00e9ndose a hacer un uso diligente, \u00e9tico y confidencial de la misma. El USUARIO se compromete a hacer un uso adecuado de los contenidos y servicios (como por ejemplo servicios de chat, foros de discusi\u00f3n o grupos de noticias) que se ofrece a trav\u00e9s de su portal y con car\u00e1cter enunciativo pero no limitativo, a no emplearlos para:<\/p>\n<ol class=\"\">\n<li>Incurrir en actividades il\u00edcitas, ilegales o contrarias a la buena fe y al orden p\u00fablico;<\/li>\n<li>Difundir contenidos o propaganda de car\u00e1cter racista, xen\u00f3fobo, pornogr\u00e1fico-ilegal, de apolog\u00eda del terrorismo o atentatorio contra los derechos humanos<\/li>\n<li>Provocar da\u00f1os en los sistemas f\u00edsicos y l\u00f3gicos del propietario, de sus proveedores o de terceras personas, introducir o difundir en la red virus inform\u00e1ticos o cualesquiera otros sistemas f\u00edsicos o l\u00f3gicos que sean susceptibles de provocar los da\u00f1os anteriormente mencionados;<\/li>\n<li>Intentar acceder y, en su caso, utilizar las cuentas de correo electr\u00f3nico de otros usuarios y modificar o manipular sus mensajes.  El propietario del portal se reserva el derecho de retirar todos aquellos comentarios y aportaciones que vulneren el respeto a la dignidad de la persona, que sean discriminatorios, xen\u00f3fobos, racistas, pornogr\u00e1ficos, que atenten contra la juventud o la infancia, el orden o la seguridad p\u00fablica o que, a su juicio, no resultaran adecuados o convenientes  para su publicaci\u00f3n. En cualquier caso, el propietario del portal  no ser\u00e1 responsable de las opiniones vertidas por los usuarios a trav\u00e9s de los foros, chats, u otras herramientas de participaci\u00f3n.<\/li>\n<\/ol>\n<h4>4. PROTECCI\u00d3N DE DATOS y USO DE COOKIES.<\/h4>\n<p class=\"texto\">El uso de los datos personales est\u00e1 definida en base al Reglamento General de Protecci\u00f3n de datos, a la LOPD  y  la normativa espa\u00f1ola vigente. Con el fin de conseguir la m\u00e1xima transparencia y en base a nuestra pol\u00edtica proactiva le informamos:<\/p>\n<p class=\"texto\">\u00bfPor qu\u00e9 solicitamos sus datos? Para poder dar respuesta a la consulta planteada o informaci\u00f3n solicitada. <\/p>\n<p class=\"texto\">\u00bfQue tipo de datos recabamos?Solo los justos para poder contactar o responder a la consulta, nombre y apellidos o nombre de la empresa, as\u00ed como tel\u00e9fono y mail de contacto.<\/p>\n<p class=\"texto\">\u00bfComo se recogen?A trav\u00e9s de un formulario de contacto.<\/p>\n<p class=\"texto\">Uso compartido con terceros:Los datos proporcionados por los usuarios no ser\u00e1n cedidos o comunicados a terceros excepto en lo que est\u00e9 dispuesto por la legislaci\u00f3n vigente.<\/p>\n<p class=\"texto\"><strong>Derechos:<\/strong> Tiene derecho a acceder a sus datos, rectificarlos, suprimirlos, limitarlos y oponerse a su tratamiento en cualquier momento, tambien puede retirar el consentimiento prestado y reclamar ante la autoridad de control ( Agencia Espa\u00f1ola de protecci\u00f3n de Datos c\/ Jorge Juan n\u00ba6 28001 Madrid). Para el ejercicio de sus derechos dispone de un canal directo con nuestra empresa en el mail info@elpor.es y en la direcci\u00f3n postal Calle Ribera del Guadiana nave 61.5, 21400 Ayamonte (Huelva) indicando en el asunto protecci\u00f3n de datos.<\/p>\n<p class=\"texto\"><strong>Privacidad en la navegaci\u00f3n:<\/strong> El propietario del portal se toma la privacidad muy en serio, y se esfuerza por la transparencia en todos los aspectos relacionados con los datos personales. Si desea configurar las cookies adjuntamos los enlaces correspondientes a cada navegador.Rogamos consulte la pol\u00edtica de cookies de nuestra web para obtener m\u00e1s informaci\u00f3n.<\/p>\n<p class=\"texto\">Puede encontrar m\u00e1s informaci\u00f3n sobre c\u00f3mo cambiar la configuraci\u00f3n de las cookies en el explorador que utiliza en la siguiente lista:<\/p>\n<ul>\n<li>https:\/\/www.google.com\/intl\/en\/policies\/technologies\/managing\/ <\/li>\n<li>http:\/\/support.mozilla.com\/en-GB\/kb\/Cookies#w_cookie-settings <\/li>\n<li>http:\/\/windows.microsoft.com\/en-GB\/windows-vista\/Block-or-allow-cookies <\/li>\n<li>http:\/\/www.apple.com\/safari\/features.html#security <\/li>\n<\/ul>\n<p class=\"texto\">Asimismo, <strong>El Pulpo de Oro<\/strong>informa que da cumplimiento a la Ley 34\/2002 de 11 de julio, de Servicios de la Sociedad de la Informaci\u00f3n y el Comercio Electr\u00f3nico y le solicitar\u00e1 su consentimiento al tratamiento de su correo electr\u00f3nico con fines comerciales en cada momento.<\/p>\n<h4>5. PROPIEDAD INTELECTUAL E INDUSTRIAL<\/h4>\n<p class=\"texto\">El propietario por s\u00ed o como cesionaria, es titular de todos los derechos de propiedad intelectual e industrial de su p\u00e1gina web, as\u00ed como de los elementos contenidos en la misma (a t\u00edtulo enunciativo, im\u00e1genes, sonido, audio, v\u00eddeo, software o textos; marcas o logotipos, combinaciones de colores, estructura y dise\u00f1o, selecci\u00f3n de materiales usados, programas de ordenador necesarios para su funcionamiento, acceso y uso, etc.).<\/p>\n<p class=\"texto\">Todos los derechos reservados. En virtud de lo dispuesto en los art\u00edculos 8 y 32.1, p\u00e1rrafo segundo, de la Ley de Propiedad Intelectual, quedan expresamente prohibidas la reproducci\u00f3n, la distribuci\u00f3n y la comunicaci\u00f3n p\u00fablica, incluida su modalidad de puesta a disposici\u00f3n, de la totalidad o parte de los contenidos de esta p\u00e1gina web, con fines comerciales, en cualquier soporte y por cualquier medio t\u00e9cnico, sin la autorizaci\u00f3n de <strong>El Pulpo de Oro<\/strong>.<\/p>\n<p class=\"texto\">El USUARIO se compromete a respetar los derechos de Propiedad Intelectual e Industrial titularidad de <strong>El Pulpo de Oro<\/strong>. Podr\u00e1 visualizar los elementos del portal e incluso imprimirlos, copiarlos y almacenarlos en el disco duro de su ordenador o en cualquier otro soporte f\u00edsico siempre y cuando sea, \u00fanica y exclusivamente, para su uso personal y privado. El USUARIO deber\u00e1 abstenerse de suprimir, alterar, eludir o manipular cualquier dispositivo de protecci\u00f3n o sistema de seguridad que estuviera instalado en las p\u00e1ginas de <strong>El Pulpo de Oro<\/strong>.<\/p>\n<h4>6. EXCLUSI\u00d3N DE GARANT\u00cdAS Y RESPONSABILIDAD<\/h4>\n<p class=\"texto\"><strong>El Pulpo de Oro<\/strong> no se hace responsable, en ning\u00fan caso, de los da\u00f1os y perjuicios de cualquier naturaleza que pudieran ocasionar, a t\u00edtulo enunciativo: errores u omisiones en los contenidos, falta de disponibilidad del portal o la transmisi\u00f3n de virus o programas maliciosos o lesivos en los contenidos, a pesar de haber adoptado todas las medidas tecnol\u00f3gicas necesarias para evitarlo.<\/p>\n<h4>7. MODIFICACIONES<\/h4>\n<p><strong>El Pulpo de Oro<\/strong> se reserva el derecho de efectuar sin previo aviso las modificaciones que considere oportunas en su portal, pudiendo cambiar, suprimir o a\u00f1adir tanto los contenidos y servicios que se presten a trav\u00e9s de la misma como la forma en la que \u00e9stos aparezcan presentados o localizados en su portal.<\/p>\n<h4>8. ENLACES<\/h4>\n<p class=\"texto\">En el caso de que en <strong>El Pulpo de Oro<\/strong> se dispusiesen enlaces o hiperv\u00ednculos hac\u00eda otros sitios de Internet,  no ejercer\u00e1 ning\u00fan tipo de control sobre dichos sitios y contenidos. En ning\u00fan caso <strong>El Pulpo de Oro<\/strong> asumir\u00e1 responsabilidad alguna por los contenidos de alg\u00fan enlace perteneciente a un sitio web ajeno, ni garantizar\u00e1 la disponibilidad t\u00e9cnica, calidad, fiabilidad, exactitud, amplitud, veracidad, validez y<br \/>\nconstitucionalidad de cualquier material o informaci\u00f3n contenida en ninguno de dichos hiperv\u00ednculos u otros sitios de Internet. En caso de usar los enlaces rogamos que acceda a la pol\u00edtica de privacidad y aviso legal de la p\u00e1gina visitada.<\/p>\n<p class=\"texto\">Igualmente la inclusi\u00f3n de estas conexiones externas no implicar\u00e1 ning\u00fan tipo de asociaci\u00f3n, fusi\u00f3n o participaci\u00f3n con las entidades conectadas.<\/p>\n<h4>9. DERECHO DE EXCLUSI\u00d3N<\/h4>\n<p class=\"texto\"><strong>El Pulpo de Oro<\/strong> se reserva el derecho a denegar o retirar el acceso a portal y\/o los servicios ofrecidos sin necesidad de preaviso, a instancia propia o de un tercero, a aquellos usuarios que incumplan las presentes Condiciones Generales de Uso.<\/p>\n<h4>10.GENERALIDADES<\/h4>\n<p class=\"texto\">Se perseguir\u00e1 el incumplimiento de las presentes condiciones as\u00ed como cualquier utilizaci\u00f3n indebida de su portal ejerciendo todas las acciones civiles y penales que le puedan corresponder en derecho.<\/p>\n<h4>11.MODIFICACI\u00d3N DE LAS PRESENTES CONDICIONES Y DURACI\u00d3N<\/h4>\n<p class=\"texto\"><strong>El Pulpo de Oro<\/strong> podr\u00e1 modificar en cualquier momento las condiciones aqu\u00ed determinadas, siendo debidamente publicadas como aqu\u00ed aparecen.<br \/>\nLa vigencia de las citadas condiciones ir\u00e1 en funci\u00f3n de su exposici\u00f3n y estar\u00e1n vigentes hasta debidamente publicadas. que sean modificadas por otras.<\/p>\n<h4>12. LEGISLACI\u00d3N APLICABLE Y JURISDICCI\u00d3N<\/h4>\n<p class=\"texto\">La relaci\u00f3n entre <strong>El Pulpo de Oro<\/strong> y el USUARIO se regir\u00e1 por la normativa espa\u00f1ola vigente y cualquier controversia se someter\u00e1 a la autoridad pertinente.<\/p>\n<\/div>\n<\/div>\n<\/div>\n","protected":false},"excerpt":{"rendered":"<p>Aviso legal 1. DATOS IDENTIFICATIVOS En cumplimiento con el deber de informaci\u00f3n recogido en art\u00edculo 10 de la Ley 34\/2002, de 11 de julio, de Servicios de la Sociedad de la Informaci\u00f3n y del Comercio Electr\u00f3nico, a continuaci\u00f3n se reflejan los siguientes datos: La empresa titular del presente dominio web es El Pulpo de Oro<\/p>\n<a class=\"btn btn-primary read-more-button\" href=\"https:\/\/www.elpulpodeoro.es\/en\/legal-warning\/\">Leer m\u00e1s...<\/a>","protected":false},"author":1,"featured_media":0,"parent":0,"menu_order":0,"comment_status":"closed","ping_status":"closed","template":"pages-templates\/empty-page.php","meta":{"footnotes":""},"class_list":["post-458","page","type-page","status-publish","hentry"],"_links":{"self":[{"href":"https:\/\/www.elpulpodeoro.es\/en\/wp-json\/wp\/v2\/pages\/458","targetHints":{"allow":["GET"]}}],"collection":[{"href":"https:\/\/www.elpulpodeoro.es\/en\/wp-json\/wp\/v2\/pages"}],"about":[{"href":"https:\/\/www.elpulpodeoro.es\/en\/wp-json\/wp\/v2\/types\/page"}],"author":[{"embeddable":true,"href":"https:\/\/www.elpulpodeoro.es\/en\/wp-json\/wp\/v2\/users\/1"}],"replies":[{"embeddable":true,"href":"https:\/\/www.elpulpodeoro.es\/en\/wp-json\/wp\/v2\/comments?post=458"}],"version-history":[{"count":1,"href":"https:\/\/www.elpulpodeoro.es\/en\/wp-json\/wp\/v2\/pages\/458\/revisions"}],"predecessor-version":[{"id":459,"href":"https:\/\/www.elpulpodeoro.es\/en\/wp-json\/wp\/v2\/pages\/458\/revisions\/459"}],"wp:attachment":[{"href":"https:\/\/www.elpulpodeoro.es\/en\/wp-json\/wp\/v2\/media?parent=458"}],"curies":[{"name":"wp","href":"https:\/\/api.w.org\/{rel}","templated":true}]}}