{"id":456,"date":"2021-04-27T13:55:11","date_gmt":"2021-04-27T11:55:11","guid":{"rendered":"http:\/\/www.elpulpodeoro.es\/politica-de-cookies\/"},"modified":"2021-07-06T09:45:13","modified_gmt":"2021-07-06T07:45:13","slug":"cookies-policy","status":"publish","type":"page","link":"https:\/\/www.elpulpodeoro.es\/en\/cookies-policy\/","title":{"rendered":"Cookies policy"},"content":{"rendered":"<p><img loading=\"lazy\" decoding=\"async\" src=\"http:\/\/www.elpulpodeoro.es\/wp-content\/uploads\/2021\/01\/cabecera-contacto.jpg\" alt=\"\" width=\"1600\" height=\"455\" class=\"alignnone size-full wp-image-384 img-cabecera\" srcset=\"https:\/\/www.elpulpodeoro.es\/wp-content\/uploads\/2021\/01\/cabecera-contacto.jpg 1600w, https:\/\/www.elpulpodeoro.es\/wp-content\/uploads\/2021\/01\/cabecera-contacto-300x85.jpg 300w, https:\/\/www.elpulpodeoro.es\/wp-content\/uploads\/2021\/01\/cabecera-contacto-1024x291.jpg 1024w, https:\/\/www.elpulpodeoro.es\/wp-content\/uploads\/2021\/01\/cabecera-contacto-768x218.jpg 768w, https:\/\/www.elpulpodeoro.es\/wp-content\/uploads\/2021\/01\/cabecera-contacto-1536x437.jpg 1536w\" sizes=\"auto, (max-width: 1600px) 100vw, 1600px\" \/><\/p>\n<div class=\"container pagina-interna pt-5 p-relative\">\n<div class=\"row\">\n<div class=\"col-xs-12 col-md-12 mb-5 text-justify\">\n<h1 class=\"text-center mb-5\">Pol\u00edtica de cookies<\/h1>\n<h4>1. OBJETO<\/h4>\n<p class=\"texto\">La presente Pol\u00edtica de Cookies es parte integrante de las Condiciones de Uso y laPol\u00edtica de Privacidad de la p\u00e1gina web, https:\/\/www.elpulpodeoro.es\/ (en adelante, el&#8221;Sitio Web&#8221; o la &#8220;P\u00e1gina Web&#8221;). El acceso y la navegaci\u00f3n en el Sitio Web, o el uso delos servicios del mismo, implican la aceptaci\u00f3n de los t\u00e9rminos y condiciones recogidos en las Condiciones de Uso as\u00ed como en la Pol\u00edtica de Privacidad y dentro de ella en la Pol\u00edtica de Cookies.<\/p>\n<p class=\"texto\">Con el fin de facilitar su navegaci\u00f3n por el Sitio Web, el titular de la misma con domicilio social en Calle Ribera del Guadiana nave 61.5, 21400 Ayamonte (Huelva), le comunica que utiliza cookies o dispositivos de Almacenamiento de Recuperaci\u00f3n de Datos (DARD) u otros archivos de funcionalidad similar (en adelante, las &#8220;cookies&#8221;).<\/p>\n<p class=\"texto\">En este sentido y con el objetivo de garantizar al usuario toda la informaci\u00f3n necesaria para su correcta navegaci\u00f3n, ponemos a disposici\u00f3n del usuario el siguiente texto informativo sobre qu\u00e9 son las cookies, qu\u00e9 tipolog\u00eda de cookies existen en nuestra P\u00e1gina Web y c\u00f3mo es posible configurarlas o deshabilitarlas.<\/p>\n<h4>2. QU\u00c9 SON LAS COOKIES<\/h4>\n<p class=\"texto\">Actualmente, la mayor\u00eda de las p\u00e1ginas Web, independientemente del servicio que presten, utilizan cookies, es decir, guardan una informaci\u00f3n m\u00ednima del uso o la navegaci\u00f3n que realiza el usuario dentro de la P\u00e1gina Web.<\/p>\n<p class=\"texto\">Una cookie puede definirse como un peque\u00f1o archivo de texto o dispositivo de uso generalizado que se descarga en el equipo terminal del usuario cuando navega por las p\u00e1ginas Web con la finalidad de almacenar datos que podr\u00e1n ser actualizados y recuperados por la entidad responsable de su instalaci\u00f3n para facilitarle la navegaci\u00f3n y la experiencia de usuario.<\/p>\n<p class=\"texto\">Tal y como establece el Considerando 30 del RGPD, las personas f\u00edsicas pueden ser asociadas a identificadores en l\u00ednea facilitados por sus dispositivos, aplicaciones, herramientas y protocolos, como direcciones de los protocolos de internet, identificadores de sesi\u00f3n en forma de \u201ccookies\u201d u otros identificadores con finalidades similares. Esto puede dejar huellas que, en particular, al ser combinadas con identificadores \u00fanicos y otros datos recibidos por los servidores, pueden ser utilizadas para elaborar perfiles de las personas f\u00edsicas e identificarlas.<\/p>\n<p class=\"texto\">Por este motivo, El titular de la web dispone de una pol\u00edtica de cookies coherente con la normativa aplicable.<\/p>\n<p class=\"texto\">Con car\u00e1cter general, cuando la instalaci\u00f3n y\/o utilizaci\u00f3n de cookies conlleve el tratamiento de datos personales, ya se trate de cookies propias o de terceros, de sesi\u00f3n o persistentes, el responsable del tratamiento, proporcionar\u00e1 la informaci\u00f3n necesaria en este \u00e1mbito y recabar\u00e1 el previo consentimiento informado del usuario para instalar y\/o utilizar aqu\u00e9llas salvo en el caso de tener que instalar cookies estrictamente necesarias. Y es que se except\u00faan \u00fanicamente de tal consentimiento aqu\u00e9llas que permitan, de forma exclusiva, la comunicaci\u00f3n entre el equipo del usuario y la red y, estrictamente, aqu\u00e9llas utilizadas para prestar un servicio solicitado por el usuario. Por ejemplo, quedar\u00edan exceptuadas las denominadas \u201ccookies t\u00e9cnicas\u201d (p.ej., las necesarias para la misma navegaci\u00f3n por la plataforma u aplicaci\u00f3n); \u201clas de personalizaci\u00f3n o configuraci\u00f3n\u201d (p.ej., que permiten que la p\u00e1gina reconozca el idioma del usuario, etc.); y \u201clas de seguridad\u201d (p.ej., detectar intentos err\u00f3neos y reiterados de conexi\u00f3n a un sitio).<\/p>\n<h4>3. TIPOS, FINALIDAD Y FUNCIONAMIENTO DE LAS COOKIES<\/h4>\n<h6>3.1. SEG\u00daN LA ENTIDAD QUE LA GESTIONA:<\/h6>\n<p class=\"texto\"><strong>Cookies propias<\/strong><\/p>\n<p class=\"texto\">Son aquellas que se env\u00edan a tu equipo desde el equipo o los servidores del titular de la web y desde el que prestamos el servicio que nos solicitas.<\/p>\n<p class=\"texto\"><strong>Cookies de terceros<\/strong><\/p>\n<p class=\"texto\">Son aquellas que se env\u00edan a tu equipo desde un equipo o dominio que no es gestionado por nosotros, sino por otra entidad colaboradora o partner. Como por ejemplo, las usadas por redes sociales, o por contenido externo como Google.<\/p>\n<h6>3.2 SEG\u00daN EL PLAZO DE TIEMPO QUE PERMANECEN ACTIVADAS:<\/h6>\n<p class=\"texto\"><strong>Cookies de sesi\u00f3n<\/strong><\/p>\n<p class=\"texto\">Son cookies temporales que permanecen en el archivo de cookies de tu navegador hasta que abandonas la p\u00e1gina web, por lo que ninguna queda registrada en el disco duro de tu ordenador. La informaci\u00f3n obtenida por medio de estas cookies, sirven para analizar pautas de tr\u00e1fico en la web. A la larga, esto nos permite proporcionar una mejor experiencia para mejorar el contenido y facilitar su uso.<\/p>\n<p class=\"texto\"><strong>Cookies persistentes<\/strong><\/p>\n<p class=\"texto\">Son almacenadas en el disco duro y nuestra web las lee cada vez que realizas una nueva visita. Una web permanente posee una fecha de expiraci\u00f3n determinada. La cookie dejar\u00e1 de funcionar despu\u00e9s de esa fecha. Estas cookies las utilizamos generalmente, para facilitar los servicios de compra y registro.<\/p>\n<h6>3.3 SEG\u00daN SU FINALIDAD:<\/h6>\n<p class=\"texto\"><strong>Cookies t\u00e9cnicas<\/strong><\/p>\n<p class=\"texto\">Son aquellas necesarias para la navegaci\u00f3n y el buen funcionamiento de nuestra p\u00e1gina web. Permiten por ejemplo, controlar el tr\u00e1fico y la comunicaci\u00f3n de datos, acceder a partes de acceso restringido, realizar el proceso de compra de un pedido, utilizar elementos de seguridad, almacenar contenidos para poder difundir v\u00eddeos o compartir contenidos a trav\u00e9s de redes sociales.<\/p>\n<p class=\"texto\"><strong>Cookies de personalizaci\u00f3n<\/strong><\/p>\n<p class=\"texto\">Son aqu\u00e9llas que te permiten acceder al servicio con unas caracter\u00edsticas predefinidas en funci\u00f3n de una serie de criterios, como por ejemplo el idioma, el tipo de navegador a trav\u00e9s del cual se accede al servicio, etc.<\/p>\n<p class=\"texto\"><strong>Cookies de an\u00e1lisis<\/strong><\/p>\n<p class=\"texto\">Son aqu\u00e9llas que nos permiten cuantificar el n\u00famero de usuarios y as\u00ed realizar la medici\u00f3n y an\u00e1lisis estad\u00edstico de la utilizaci\u00f3n que hacen los usuarios de los servicios prestados. Para ello se analiza su navegaci\u00f3n en nuestra p\u00e1gina web con el fin de mejorar la oferta de productos y servicios que ofrecemos.<\/p>\n<p class=\"texto\"><strong>Cookies publicitarias<\/strong><\/p>\n<p class=\"texto\">Son aqu\u00e9llas que permiten la gesti\u00f3n, de la forma m\u00e1s eficaz posible, de los espacios publicitarios que se pudieran incluir en nuestra p\u00e1gina web.<\/p>\n<p class=\"texto\"><strong>Cookies de publicidad comportamental<\/strong><\/p>\n<p class=\"texto\">Estas cookies almacenan informaci\u00f3n del comportamiento de los usuarios obtenida a trav\u00e9s de la observaci\u00f3n continuada. Gracias a ellas, podemos conocer los h\u00e1bitos de navegaci\u00f3n en internet y mostrarte publicidad relacionada con tu perfil de navegaci\u00f3n.<\/p>\n<p class=\"texto\"><strong>Cookies sociales<\/strong><\/p>\n<p class=\"texto\">Cookies de complemento para intercambiar contenidos sociales: los llamados plug-ins, que permiten compartir contenidos en redes sociales.<\/p>\n<h4>4. COOKIES UTILIZADAS EN LA WEB<\/H4><\/p>\n<p class=\"texto\"> La identificaci\u00f3n de qui\u00e9n utiliza las cookies de este sitio web, as\u00ed como los detalles de las mismas, se indican a continuaci\u00f3n:<\/p>\n<table class=\"table\" cellspacing=\"0\" cellpadding=\"0\">\n<tbody>\n<tr>\n<td><b>Dominio<\/b><\/td>\n<td><b>Nombre cookie<\/b><\/td>\n<td><b>Primera \/ Tercera parte<\/b><\/td>\n<td><b>Sesi\u00f3n \/ Persistente<\/b><\/td>\n<td><b>Per\u00edodo de conservaci\u00f3n<\/b><\/td>\n<td><b>Finalidad<\/b><\/td>\n<\/tr>\n<tr>\n<td>www.elpulpodeoro.es<\/td>\n<td><strong> moove_gdpr_popup <\/strong><\/td>\n<td>Terceros. Plugin cookies<\/td>\n<td>Permanente, temporal<\/td>\n<td>Sesi\u00f3n<\/td>\n<td>Controla el guardado de cookies tras la aceptaci\u00f3n o rechazo de las mismas por parte de usuario.<\/td>\n<\/tr>\n<tr>\n<td>www.elpulpodeoro.es<\/td>\n<td><strong>_ga<\/strong><\/td>\n<td>Terceros. Google Analytics<\/td>\n<td>Permanente, temporal<\/td>\n<td>2 a\u00f1os<\/td>\n<td>Calcula el n\u00ba de visitantes, la duraci\u00f3n de la sesi\u00f3n, datos para campa\u00f1as y hace seguimiento del sitio con fines de reporte anal\u00edtico. Estas cookies aportan informaci\u00f3n an\u00f3nima y se asignan a un numero generado aleatoriamente para identificar visitantes \u00fanicos a la web.<\/td>\n<\/tr>\n<tr>\n<td>www.elpulpodeoro.es<\/td>\n<td><strong>_gid<\/strong><\/td>\n<td>Terceros. Google Analytics<\/td>\n<td>Permanente, temporal<\/td>\n<td>1 d\u00eda<\/td>\n<td>Muestra informaci\u00f3n sobre como los usuarios utilizan la web. Los datos recolectados incluyen n\u00ba de visitantes, de d\u00f3nde vienen y qu\u00e9 p\u00e1ginas han visitado.<\/td>\n<\/tr>\n<tr>\n<td>www.elpulpodeoro.es<\/td>\n<td><strong>_gat_gtag_UA_142080681_1<\/strong><\/td>\n<td>Terceros. Google Analytics<\/td>\n<td>Permanente, temporal<\/td>\n<td>1 minuto<\/td>\n<td>Acceso a Google Analytics<\/td>\n<\/tr>\n<tr>\n<td>www.elpulpodeoro.es<\/td>\n<td><strong>_GRECAPTCHA<\/strong><\/td>\n<td>Terceros. Googles<\/td>\n<td>Permanente, temporal<\/td>\n<td>Sesi\u00f3n<\/td>\n<td>Google Recaptcha<\/td>\n<\/tr>\n<\/tbody>\n<\/table>\n<h4>5. C\u00d3MO DESHABILITAR LAS COOKIES EN LOS NAVEGADORES M\u00c1S UTILIZADOS<\/H4><\/p>\n<p>Puede configurar el estado de sus cookies <a href=\"\/#gdpr_cookie_modal\">aqu\u00ed<\/a>.<\/p>\n<p class=\"texto\">Pueden bloquearse o deshabilitarse con las herramientas de configuraci\u00f3n de su navegador. El navegador le permite rechazar la instalaci\u00f3n de todas las cookies, obien elegir rechazar solo alguna de ellas.<\/p>\n<p class=\"texto\">Le indicamos los enlaces a las herramientas de los principales navegadores, en lasque poder informarse sobre c\u00f3mo deshabilitar las cookies.<\/p>\n<p class=\"texto\"><strong>Desactivaci\u00f3n o eliminaci\u00f3n de cookies pertenecientes a Google Analytics<\/strong><\/p>\n<p class=\"texto\">Si acepta el uso de cookies pertenecientes a Google Analytics podr\u00e1 desinstalarlas posteriormente mediante la configuraci\u00f3n de su navegador, tal y como se ha indicado, o instalando el complemento de inhabilitaci\u00f3n de Google Analytics: https:\/\/tools.google.com\/dlpage\/gaoptout?hl=es.<\/p>\n<p class=\"texto\">Le recordamos que si elimina las cookies de personalizaci\u00f3n tendr\u00e1 que actualizar sus preferencias cada vez que inicie una sesi\u00f3n con nosotros o si utiliza un dispositivo diferente, perfil ordenador o navegador tendr\u00e1 que decirnos sus preferencias nuevamente.<\/p>\n<p class=\"texto text-left\"><strong>Google Chrome<\/strong> https:\/\/support.google.com\/chrome\/answer\/95647?hl=es<\/p>\n<p class=\"texto text-left\"><strong>Mozilla Firefox<\/strong> https:\/\/support.mozilla.org\/es\/kb\/cookies-informacion-que-los-sitios-web-guardan-en-?redirectlocale=en-US&#038;redirectslug=Cookies<\/p>\n<p class=\"texto text-left\"><strong>Apple Safari<\/strong> https:\/\/support.apple.com\/es-es\/HT201265<\/p>\n<p class=\"texto text-left\"><strong>Microsoft Explorer<\/strong> https:\/\/support.microsoft.com\/es-es\/help\/17442\/windows-internet-explorer-delete-manage-cookies<\/p>\n<h4>6. QU\u00c9 OCURRE SI SE DESHABILITAN LAS COOKIES<\/H4><\/p>\n<p class=\"texto\">Si rechaza las cookies podr\u00e1 seguir usando nuestro sitio web, pero es posible que algunos de los servicios y\/o enlaces dejen de funcionar, que no se pueda iniciar o mantener la sesi\u00f3n interactiva con los servicios de la p\u00e1gina web, y no podremos obtener de tu parte informaci\u00f3n muy valiosa para ofrecerle contenidos acordes a sus intereses y para que puedas acceder de forma f\u00e1cil y r\u00e1pida a la informaci\u00f3n que te interesa.<\/p>\n<p class=\"texto\">El titular de la web no asume ninguna responsabilidad por problemas legales o t\u00e9cnicos causados por el incumplimiento por parte de cualquier usuario de las recomendaciones incluidas. Esta comunicaci\u00f3n se realiza para el conocimiento y uso de los usuarios, por consiguiente, no debe utilizarse para ninguna otra finalidad.<\/p>\n<p class=\"texto\">Igualmente te avisamos que no podemos hacernos responsables del contenido y veracidad de las pol\u00edticas de privacidad de los terceros incluidas en esta pol\u00edtica de cookies.<\/p>\n<h4>7. CAMBIOS EN LA POL\u00cdTICA DE COOKIES<\/h4>\n<p class=\"texto\">La presente pol\u00edtica de cookies, es la versi\u00f3n 2.0, y est\u00e1 vigente desde el d\u00eda 1 de OCTUBRE de 2020, y en base a ello, el titular de la web, puede modificar esta pol\u00edtica de cookies, bien por incorporar cookies nuevas por necesidad de nuevos contenidos que se puedan ofrecer, o bien en funci\u00f3n de exigencias legislativas, reglamentarias, que hagan necesario el cambio de la misma, por ello se aconseja a los Usuarios que visiten la misma de forma prei\u00f3dica. Asimismo, La Web podr\u00e1 informar a los usuarios de forma personal y previa de los cambios proyectados en esta pol\u00edtica, antes de su entrada en vigor, siempre que ello resultara t\u00e9cnica y razonablemente posible.<\/p>\n<p><H4>8. EJERCICIO DE DERECHOS EN MATERIA DE COOKIES<\/h4>\n<p class=\"texto\">Puede conocer y ejercer sus derechos en materia de protecci\u00f3n de datos personales accediendo a la Pol\u00edtica de Privacidad de esta web.<\/p>\n<p class=\"texto\">Si tiene dudas sobre esta pol\u00edtica de cookies, puede contactar con nosotros.<\/p>\n<\/div>\n<\/div>\n<\/div>\n","protected":false},"excerpt":{"rendered":"<p>Pol\u00edtica de cookies 1. OBJETO La presente Pol\u00edtica de Cookies es parte integrante de las Condiciones de Uso y laPol\u00edtica de Privacidad de la p\u00e1gina web, https:\/\/www.elpulpodeoro.es\/ (en adelante, el&#8221;Sitio Web&#8221; o la &#8220;P\u00e1gina Web&#8221;). El acceso y la navegaci\u00f3n en el Sitio Web, o el uso delos servicios del mismo, implican la aceptaci\u00f3n de<\/p>\n<a class=\"btn btn-primary read-more-button\" href=\"https:\/\/www.elpulpodeoro.es\/en\/cookies-policy\/\">Leer m\u00e1s...<\/a>","protected":false},"author":1,"featured_media":0,"parent":0,"menu_order":0,"comment_status":"closed","ping_status":"closed","template":"pages-templates\/empty-page.php","meta":{"footnotes":""},"class_list":["post-456","page","type-page","status-publish","hentry"],"_links":{"self":[{"href":"https:\/\/www.elpulpodeoro.es\/en\/wp-json\/wp\/v2\/pages\/456","targetHints":{"allow":["GET"]}}],"collection":[{"href":"https:\/\/www.elpulpodeoro.es\/en\/wp-json\/wp\/v2\/pages"}],"about":[{"href":"https:\/\/www.elpulpodeoro.es\/en\/wp-json\/wp\/v2\/types\/page"}],"author":[{"embeddable":true,"href":"https:\/\/www.elpulpodeoro.es\/en\/wp-json\/wp\/v2\/users\/1"}],"replies":[{"embeddable":true,"href":"https:\/\/www.elpulpodeoro.es\/en\/wp-json\/wp\/v2\/comments?post=456"}],"version-history":[{"count":3,"href":"https:\/\/www.elpulpodeoro.es\/en\/wp-json\/wp\/v2\/pages\/456\/revisions"}],"predecessor-version":[{"id":644,"href":"https:\/\/www.elpulpodeoro.es\/en\/wp-json\/wp\/v2\/pages\/456\/revisions\/644"}],"wp:attachment":[{"href":"https:\/\/www.elpulpodeoro.es\/en\/wp-json\/wp\/v2\/media?parent=456"}],"curies":[{"name":"wp","href":"https:\/\/api.w.org\/{rel}","templated":true}]}}