{"id":454,"date":"2021-01-18T11:37:01","date_gmt":"2021-01-18T11:37:01","guid":{"rendered":"http:\/\/www.elpulpodeoro.es\/politica-de-privacidad\/"},"modified":"2021-06-09T13:33:29","modified_gmt":"2021-06-09T11:33:29","slug":"privacy-policy","status":"publish","type":"page","link":"https:\/\/www.elpulpodeoro.es\/en\/privacy-policy\/","title":{"rendered":"Privacy policy"},"content":{"rendered":"<p><img loading=\"lazy\" decoding=\"async\" src=\"http:\/\/www.elpulpodeoro.es\/wp-content\/uploads\/2021\/01\/cabecera-contacto.jpg\" alt=\"\" width=\"1600\" height=\"455\" class=\"alignnone size-full wp-image-384 img-cabecera\" srcset=\"https:\/\/www.elpulpodeoro.es\/wp-content\/uploads\/2021\/01\/cabecera-contacto.jpg 1600w, https:\/\/www.elpulpodeoro.es\/wp-content\/uploads\/2021\/01\/cabecera-contacto-300x85.jpg 300w, https:\/\/www.elpulpodeoro.es\/wp-content\/uploads\/2021\/01\/cabecera-contacto-1024x291.jpg 1024w, https:\/\/www.elpulpodeoro.es\/wp-content\/uploads\/2021\/01\/cabecera-contacto-768x218.jpg 768w, https:\/\/www.elpulpodeoro.es\/wp-content\/uploads\/2021\/01\/cabecera-contacto-1536x437.jpg 1536w\" sizes=\"auto, (max-width: 1600px) 100vw, 1600px\" \/><\/p>\n<div class=\"container pagina-interna pt-5 p-relative\">\n<div class=\"row\">\n<div class=\"col-xs-12 col-md-12 mb-5 text-justify\">\n<h1 class=\"text-center mb-5\">Pol\u00edtica de privacidad<\/h1>\n<p class=\"texto\">El uso de los datos personales est\u00e1 definida en base al Reglamento General de Protecci\u00f3n de datos, a la LOPD  y  la normativa espa\u00f1ola vigente. Con el fin de conseguir la m\u00e1xima transparencia y en base a nuestra pol\u00edtica proactiva le informamos:<\/p>\n<p class=\"texto\">\u00bfPor qu\u00e9 solicitamos sus datos? Para poder dar respuesta a la consulta planteada o informaci\u00f3n solicitada. <\/p>\n<p class=\"texto\">\u00bfQue tipo de datos recabamos?Solo los justos para poder contactar o responder a la consulta, nombre y apellidos o nombre de la empresa, as\u00ed como tel\u00e9fono y mail de contacto.<\/p>\n<p class=\"texto\">\u00bfComo se recogen?A trav\u00e9s de un formulario de contacto.<\/p>\n<p class=\"texto\">Uso compartido con terceros:Los datos proporcionados por los usuarios no ser\u00e1n cedidos o comunicados a terceros excepto en lo que est\u00e9 dispuesto por la legislaci\u00f3n vigente.<\/p>\n<p class=\"texto\"><strong>Derechos:<\/strong> Tiene derecho a acceder a sus datos, rectificarlos, suprimirlos, limitarlos y oponerse a su tratamiento en cualquier momento, tambien puede retirar el consentimiento prestado y reclamar ante la autoridad de control ( Agencia Espa\u00f1ola de protecci\u00f3n de Datos c\/ Jorge Juan n\u00ba6 28001 Madrid). Para el ejercicio de sus derechos dispone de un canal directo con nuestra empresa en el mail info@elpor.es y en la direcci\u00f3n postal Calle Ribera del Guadiana nave 61.5, 21400 Ayamonte (Huelva) indicando en el asunto protecci\u00f3n de datos.<\/p>\n<p class=\"texto\"><strong>Privacidad en la navegaci\u00f3n:<\/strong> El propietario del portal se toma la privacidad muy en serio, y se esfuerza por la transparencia en todos los aspectos relacionados con los datos personales. Si desea configurar las cookies adjuntamos los enlaces correspondientes a cada navegador.Rogamos consulte la pol\u00edtica de cookies de nuestra web para obtener m\u00e1s informaci\u00f3n.<\/p>\n<p class=\"texto\">Puede encontrar m\u00e1s informaci\u00f3n sobre c\u00f3mo cambiar la configuraci\u00f3n de las cookies en el explorador que utiliza en la siguiente lista:<\/p>\n<ul>\n<li>https:\/\/www.google.com\/intl\/en\/policies\/technologies\/managing\/ <\/li>\n<li>http:\/\/support.mozilla.com\/en-GB\/kb\/Cookies#w_cookie-settings <\/li>\n<li>http:\/\/windows.microsoft.com\/en-GB\/windows-vista\/Block-or-allow-cookies <\/li>\n<li>http:\/\/www.apple.com\/safari\/features.html#security <\/li>\n<\/ul>\n<p class=\"texto\">Asimismo, <strong>El Pulpo de Oro<\/strong> informa que da cumplimiento a la Ley 34\/2002 de 11 de julio, de Servicios de la Sociedad de la Informaci\u00f3n y el Comercio Electr\u00f3nico y le solicitar\u00e1 su consentimiento al tratamiento de su correo electr\u00f3nico con fines comerciales en cada momento.<\/p>\n<\/div>\n<\/div>\n<\/div>\n","protected":false},"excerpt":{"rendered":"<p>Pol\u00edtica de privacidad El uso de los datos personales est\u00e1 definida en base al Reglamento General de Protecci\u00f3n de datos, a la LOPD y la normativa espa\u00f1ola vigente. Con el fin de conseguir la m\u00e1xima transparencia y en base a nuestra pol\u00edtica proactiva le informamos: \u00bfPor qu\u00e9 solicitamos sus datos? Para poder dar respuesta a<\/p>\n<a class=\"btn btn-primary read-more-button\" href=\"https:\/\/www.elpulpodeoro.es\/en\/privacy-policy\/\">Leer m\u00e1s...<\/a>","protected":false},"author":1,"featured_media":0,"parent":0,"menu_order":0,"comment_status":"closed","ping_status":"open","template":"pages-templates\/empty-page.php","meta":{"footnotes":""},"class_list":["post-454","page","type-page","status-publish","hentry"],"_links":{"self":[{"href":"https:\/\/www.elpulpodeoro.es\/en\/wp-json\/wp\/v2\/pages\/454","targetHints":{"allow":["GET"]}}],"collection":[{"href":"https:\/\/www.elpulpodeoro.es\/en\/wp-json\/wp\/v2\/pages"}],"about":[{"href":"https:\/\/www.elpulpodeoro.es\/en\/wp-json\/wp\/v2\/types\/page"}],"author":[{"embeddable":true,"href":"https:\/\/www.elpulpodeoro.es\/en\/wp-json\/wp\/v2\/users\/1"}],"replies":[{"embeddable":true,"href":"https:\/\/www.elpulpodeoro.es\/en\/wp-json\/wp\/v2\/comments?post=454"}],"version-history":[{"count":1,"href":"https:\/\/www.elpulpodeoro.es\/en\/wp-json\/wp\/v2\/pages\/454\/revisions"}],"predecessor-version":[{"id":455,"href":"https:\/\/www.elpulpodeoro.es\/en\/wp-json\/wp\/v2\/pages\/454\/revisions\/455"}],"wp:attachment":[{"href":"https:\/\/www.elpulpodeoro.es\/en\/wp-json\/wp\/v2\/media?parent=454"}],"curies":[{"name":"wp","href":"https:\/\/api.w.org\/{rel}","templated":true}]}}